{"id":3558,"date":"2022-11-01T08:46:40","date_gmt":"2022-11-01T08:46:40","guid":{"rendered":"https:\/\/klbtheme.com\/partdo\/?page_id=3558"},"modified":"2023-09-15T16:00:32","modified_gmt":"2023-09-15T15:00:32","slug":"terms-and-conditions","status":"publish","type":"page","link":"https:\/\/urchoicestore.ma\/index.php\/terms-and-conditions\/","title":{"rendered":"Terms and Conditions"},"content":{"rendered":"\t\t<div data-elementor-type=\"wp-page\" data-elementor-id=\"3558\" class=\"elementor elementor-3558\">\n\t\t\t\t\t\t\t\t\t<section class=\"elementor-section elementor-top-section elementor-element elementor-element-acfe608 elementor-section-boxed elementor-section-height-default elementor-section-height-default\" data-id=\"acfe608\" data-element_type=\"section\">\n\t\t\t\t\t\t<div class=\"elementor-container elementor-column-gap-extended\">\n\t\t\t\t\t<div class=\"elementor-column elementor-col-100 elementor-top-column elementor-element elementor-element-aa1b56e\" data-id=\"aa1b56e\" data-element_type=\"column\">\n\t\t\t<div class=\"elementor-widget-wrap elementor-element-populated\">\n\t\t\t\t\t\t\t\t<div class=\"elementor-element elementor-element-5e87a19 elementor-widget elementor-widget-heading\" data-id=\"5e87a19\" data-element_type=\"widget\" data-widget_type=\"heading.default\">\n\t\t\t\t<div class=\"elementor-widget-container\">\n\t\t\t<style>\/*! elementor - v3.17.0 - 08-11-2023 *\/\n.elementor-heading-title{padding:0;margin:0;line-height:1}.elementor-widget-heading .elementor-heading-title[class*=elementor-size-]>a{color:inherit;font-size:inherit;line-height:inherit}.elementor-widget-heading .elementor-heading-title.elementor-size-small{font-size:15px}.elementor-widget-heading .elementor-heading-title.elementor-size-medium{font-size:19px}.elementor-widget-heading .elementor-heading-title.elementor-size-large{font-size:29px}.elementor-widget-heading .elementor-heading-title.elementor-size-xl{font-size:39px}.elementor-widget-heading .elementor-heading-title.elementor-size-xxl{font-size:59px}<\/style><h1 class=\"elementor-heading-title elementor-size-default\">Conditions G\u00e9n\u00e9rales de Vente(CGV)<\/h1>\t\t<\/div>\n\t\t\t\t<\/div>\n\t\t\t\t<div class=\"elementor-element elementor-element-f88c29e elementor-widget elementor-widget-heading\" data-id=\"f88c29e\" data-element_type=\"widget\" data-widget_type=\"heading.default\">\n\t\t\t\t<div class=\"elementor-widget-container\">\n\t\t\t<h2 class=\"elementor-heading-title elementor-size-default\">ARTICLE 1 - APPLICATION<\/h2>\t\t<\/div>\n\t\t\t\t<\/div>\n\t\t\t\t<div class=\"elementor-element elementor-element-16cb3a6 elementor-widget elementor-widget-heading\" data-id=\"16cb3a6\" data-element_type=\"widget\" data-widget_type=\"heading.default\">\n\t\t\t\t<div class=\"elementor-widget-container\">\n\t\t\t<p class=\"elementor-heading-title elementor-size-default\">Les pr\u00e9sents conditions g\u00e9n\u00e9rales de vente(CGV) s'appliquent, sans restriction ni r\u00e9serve \u00e0 l'ensemble des ventes conclues par  le vendeurs aupr\u00e8s d'acheteurs(les clients ou le client), d\u00e9sirant acqu\u00e9rir les produits propos\u00e9s \u00e0 la vente par le vendeur sur le site <b>urchoicestore.ma<\/b>. Les produits propos\u00e9s \u00e0 la vente sur le site sont les suivants: informatiques, \u00e9lectroniques et autres neuf,comme neuf et occasion.<br><br>Les caract\u00e9ristiques principales des produits et notamment les sp\u00e9cifications, illustrations et indications de dimensions ou de capacit\u00e9 des produits, sont <br>pr\u00e9sent\u00e9es sur le site <b>urchoicestore.ma <\/b>ce dont le client est tenu de prendre connaissance avant de commander.<br><br>Le choix et l'achat d'un produit sont de la seule responsabilit\u00e9 du client.<br><br>les offres de produits s'entendent dans la limite des stocks disponibles, tels que pr\u00e9cis\u00e9s lors de la passation de la commande.<br><br>Ces CGV sont accessibles \u00e0 tout moment sur le site <b>urchoicestore.ma<\/b> et pr\u00e9vaudront sur toute autre document.<br><br>Le client d\u00e9clare avoir pris connaissance des pr\u00e9sentes CGV et les avoir accept\u00e9es en cochant la case pr\u00e9vue \u00e0 cet effet avant la mise en oeuvre de la proc\u00e9dure de commande en ligne du site <b>urchoicestore.ma<\/b> ou sur un document qui sera pr\u00e9sent\u00e9 au client.<br><br>Sauf preuve contraire, le donn\u00e9es enregistr\u00e9es dans le syst\u00e8me informatique du vendeur constituent la preuve de l'ensemble des transactions conclues avec le client.<br><br>les coordonn\u00e9es du vendeur sont les suivants:<br>   \"<b>URCHOICESTORE<\/b>\" SARL<br>  <b> ICE: <\/b>003358372000041 <b>RC: <\/b>140043<br>   <b>Num\u00e9ro t\u00e9l\u00e9phone: <\/b>0767230820<br>   <b>Email: <\/b>contact@urchoicestore.ma<b><\/b><\/p>\t\t<\/div>\n\t\t\t\t<\/div>\n\t\t\t\t\t<\/div>\n\t\t<\/div>\n\t\t\t\t\t\t\t<\/div>\n\t\t<\/section>\n\t\t\t\t<section class=\"elementor-section elementor-top-section elementor-element elementor-element-9401f51 elementor-section-boxed elementor-section-height-default elementor-section-height-default\" data-id=\"9401f51\" data-element_type=\"section\">\n\t\t\t\t\t\t<div class=\"elementor-container elementor-column-gap-default\">\n\t\t\t\t\t<div class=\"elementor-column elementor-col-100 elementor-top-column elementor-element elementor-element-67f3982\" data-id=\"67f3982\" data-element_type=\"column\">\n\t\t\t<div class=\"elementor-widget-wrap elementor-element-populated\">\n\t\t\t\t\t\t\t\t<div class=\"elementor-element elementor-element-74ec820 elementor-widget elementor-widget-heading\" data-id=\"74ec820\" data-element_type=\"widget\" data-widget_type=\"heading.default\">\n\t\t\t\t<div class=\"elementor-widget-container\">\n\t\t\t<h2 class=\"elementor-heading-title elementor-size-default\">ARTICLE 2 - Mise en garde et responsabilit\u00e9<\/h2>\t\t<\/div>\n\t\t\t\t<\/div>\n\t\t\t\t<div class=\"elementor-element elementor-element-7f3ca3d elementor-widget elementor-widget-text-editor\" data-id=\"7f3ca3d\" data-element_type=\"widget\" data-widget_type=\"text-editor.default\">\n\t\t\t\t<div class=\"elementor-widget-container\">\n\t\t\t<style>\/*! elementor - v3.17.0 - 08-11-2023 *\/\n.elementor-widget-text-editor.elementor-drop-cap-view-stacked .elementor-drop-cap{background-color:#69727d;color:#fff}.elementor-widget-text-editor.elementor-drop-cap-view-framed .elementor-drop-cap{color:#69727d;border:3px solid;background-color:transparent}.elementor-widget-text-editor:not(.elementor-drop-cap-view-default) .elementor-drop-cap{margin-top:8px}.elementor-widget-text-editor:not(.elementor-drop-cap-view-default) .elementor-drop-cap-letter{width:1em;height:1em}.elementor-widget-text-editor .elementor-drop-cap{float:left;text-align:center;line-height:1;font-size:50px}.elementor-widget-text-editor .elementor-drop-cap-letter{display:inline-block}<\/style>\t\t\t\t<p>Du fait <b>URCHOICESTORE <\/b>est un revendeur professionnel, il est de la responsabilit\u00e9 exclusive du Client d&#8217;avoir recours \u00e0 ses comp\u00e9tences internes ou \u00e0 des tiers de son choix pour d\u00e9finir les besoins, \u00e9laborer un cahier des charges, choisir les mat\u00e9riels et progiciels ad\u00e9quats au vu de leurs caract\u00e9ristiques techniques, s&#8217;assurer de l&#8217;environnement physique des mat\u00e9riels, etc. Du fait de sa qualit\u00e9 de revendeur professionnel, le Client est suffisamment comp\u00e9tent en la mati\u00e8re pour s&#8217;adresser \u00e0 <b>URCHOICESTORE <\/b>et assumer seul l&#8217;obligation de conseil habituellement mise \u00e0 la charge du vendeur, le client dispense \u00e9galement <b>URCHOICESTORE <\/b>de l&#8217;obligation de mise en garde, et se charge de demander et \u00e9tudier les documentations techniques n\u00e9cessaires.<\/p><p>\u00a0Le Client se d\u00e9clare conscient du fait que <b>URCHOICESTORE <\/b> est un vendeur et en aucun cas une soci\u00e9t\u00e9 de conseils. La seule et unique obligation de<b> URCHOICESTORE<\/b>, que le Client reconna\u00eet et accepte express\u00e9ment, est donc la fourniture des produits qui lui ont \u00e9t\u00e9 command\u00e9s et qu&#8217;elle commercialise.\u00a0<\/p><p>Pour ce qui est des prestations ou autres fournitures, celles-ci devraient \u00eatre consign\u00e9es dans une convention express\u00e9ment sign\u00e9e des deux parties.<\/p>\t\t\t\t\t\t<\/div>\n\t\t\t\t<\/div>\n\t\t\t\t\t<\/div>\n\t\t<\/div>\n\t\t\t\t\t\t\t<\/div>\n\t\t<\/section>\n\t\t\t\t<section class=\"elementor-section elementor-top-section elementor-element elementor-element-b697903 elementor-section-boxed elementor-section-height-default elementor-section-height-default\" data-id=\"b697903\" data-element_type=\"section\">\n\t\t\t\t\t\t<div class=\"elementor-container elementor-column-gap-default\">\n\t\t\t\t\t<div class=\"elementor-column elementor-col-100 elementor-top-column elementor-element elementor-element-c9502fa\" data-id=\"c9502fa\" data-element_type=\"column\">\n\t\t\t<div class=\"elementor-widget-wrap elementor-element-populated\">\n\t\t\t\t\t\t\t\t<div class=\"elementor-element elementor-element-f379913 elementor-widget elementor-widget-heading\" data-id=\"f379913\" data-element_type=\"widget\" data-widget_type=\"heading.default\">\n\t\t\t\t<div class=\"elementor-widget-container\">\n\t\t\t<h2 class=\"elementor-heading-title elementor-size-default\">ARTICLE 3 - ESPACE CLIENT - COMPTE<\/h2>\t\t<\/div>\n\t\t\t\t<\/div>\n\t\t\t\t<div class=\"elementor-element elementor-element-bfe7a33 elementor-widget elementor-widget-text-editor\" data-id=\"bfe7a33\" data-element_type=\"widget\" data-widget_type=\"text-editor.default\">\n\t\t\t\t<div class=\"elementor-widget-container\">\n\t\t\t\t\t\t\t<p>Afin de passer commande, le Client est invit\u00e9 \u00e0 cr\u00e9er un compte (espace personnel).<\/p><p>Pour ce faire, il doit s&#8217;inscrire en remplissant le formulaire qui lui sera propos\u00e9 au moment de sa commande et s&#8217;engage \u00e0 fournir des informations sinc\u00e8res et exactes concernant son \u00e9tat civil et ses coordonn\u00e9es.<\/p>\n<p>Le Client est responsable de la mise \u00e0 jour des informations fournies. Il lui est pr\u00e9cis\u00e9 qu&#8217;il peut les modifier en se connectant \u00e0 son compte.<\/p>\n<p>Pour acc\u00e9der \u00e0 son espace personnel et aux historiques de commande, le Client devra s&#8217;identifier l&#8217;aide de son nom d&#8217;utilisateur et de son mot de passe apr\u00e8s son inscription et qui sont strictement personnels. A ce titre, le Client s&#8217;en interdit toute divulgation. Dans le cas contraire, il restera seul responsable de l&#8217;usage qui en sera fait.<\/p>\n<p>Le Client pourra \u00e9galement solliciter sa d\u00e9sinscription en se rendant \u00e0 la page d\u00e9di\u00e9e sur son espace personnel ou envoyant un email. Celle-ci sera effective dans un d\u00e9lai raisonnable.<\/p>\n<p>En cas de non respect des conditions g\u00e9n\u00e9rales de vente et\/ou d&#8217;utilisation, le site <b>urchoicestore.ma<\/b> aura la possibilit\u00e9 de suspendre voire de fermer le compte d&#8217;un client apr\u00e8s mise en demeure adress\u00e9e par voie \u00e9lectronique et rest\u00e9e sans effet.<\/p>\n<p>Toute suppression de compte, quel qu&#8217;en soit le motif, engendre la suppression pure et simple de toutes informations personnelles du Client.<\/p>\n<p>Tout \u00e9v\u00e9nement d\u00fb \u00e0 un cas de force majeure ayant pour cons\u00e9quence un dysfonctionnement du site ou serveur et sous r\u00e9serve de toute interruption ou modification en cas de maintenance, n&#8217;engage pas la responsabilit\u00e9 du Vendeur.<\/p>\n<p>La cr\u00e9ation du compte entraine l&#8217;acceptation des pr\u00e9sentes conditions g\u00e9n\u00e9rales de vente.<\/p>\t\t\t\t\t\t<\/div>\n\t\t\t\t<\/div>\n\t\t\t\t\t<\/div>\n\t\t<\/div>\n\t\t\t\t\t\t\t<\/div>\n\t\t<\/section>\n\t\t\t\t<section class=\"elementor-section elementor-top-section elementor-element elementor-element-56d70e7 elementor-section-boxed elementor-section-height-default elementor-section-height-default\" data-id=\"56d70e7\" data-element_type=\"section\">\n\t\t\t\t\t\t<div class=\"elementor-container elementor-column-gap-extended\">\n\t\t\t\t\t<div class=\"elementor-column elementor-col-100 elementor-top-column elementor-element elementor-element-2f4c3cd\" data-id=\"2f4c3cd\" data-element_type=\"column\">\n\t\t\t<div class=\"elementor-widget-wrap elementor-element-populated\">\n\t\t\t\t\t\t\t\t<div class=\"elementor-element elementor-element-fc65848 elementor-widget elementor-widget-heading\" data-id=\"fc65848\" data-element_type=\"widget\" data-widget_type=\"heading.default\">\n\t\t\t\t<div class=\"elementor-widget-container\">\n\t\t\t<h3 class=\"elementor-heading-title elementor-size-default\">ARTICLE 4 - PRIX<\/h3>\t\t<\/div>\n\t\t\t\t<\/div>\n\t\t\t\t<div class=\"elementor-element elementor-element-94e2fcd elementor-widget elementor-widget-text-editor\" data-id=\"94e2fcd\" data-element_type=\"widget\" data-widget_type=\"text-editor.default\">\n\t\t\t\t<div class=\"elementor-widget-container\">\n\t\t\t\t\t\t\t<p>Les Produits sont fournis aux tarifs en vigueur figurant sur le site de\u00a0<b>URCHOICESTORE<\/b>, lors de l&#8217;enregistrement de a commande par le Vendeur.<\/p><p>Les tarifs tiennent compte d&#8217;\u00e9ventuelles r\u00e9ductions qui seraient consenties par le Vendeur sur le site\u00a0 de <b>URCHOICESTORE<\/b>.<\/p><p>Ces tarifs sont fermes et non r\u00e9visables pendant leur p\u00e9riode de validit\u00e9 mais le Vendeur se r\u00e9serve le droit, hors p\u00e9riode de validit\u00e9, d&#8217;en modifier les prix \u00e0 tout moment.<\/p><p>Les prix ne comprennent pas les frais de traitement, d&#8217;exp\u00e9dition, de transport et de livraison, qui sont factur\u00e9s en suppl\u00e9ment, dans les conditions indiqu\u00e9es sur le site et calcul\u00e9s pr\u00e9alablement \u00e0 la passation de la commande.<\/p><p>Le paiement demand\u00e9 au Client correspond au montant total de l&#8217;achat, y compris ces frais.<\/p>\t\t\t\t\t\t<\/div>\n\t\t\t\t<\/div>\n\t\t\t\t\t<\/div>\n\t\t<\/div>\n\t\t\t\t\t\t\t<\/div>\n\t\t<\/section>\n\t\t\t\t<section class=\"elementor-section elementor-top-section elementor-element elementor-element-13b0554 elementor-section-boxed elementor-section-height-default elementor-section-height-default\" data-id=\"13b0554\" data-element_type=\"section\">\n\t\t\t\t\t\t<div class=\"elementor-container elementor-column-gap-extended\">\n\t\t\t\t\t<div class=\"elementor-column elementor-col-100 elementor-top-column elementor-element elementor-element-edb710a\" data-id=\"edb710a\" data-element_type=\"column\">\n\t\t\t<div class=\"elementor-widget-wrap elementor-element-populated\">\n\t\t\t\t\t\t\t\t<div class=\"elementor-element elementor-element-747884e elementor-widget elementor-widget-heading\" data-id=\"747884e\" data-element_type=\"widget\" data-widget_type=\"heading.default\">\n\t\t\t\t<div class=\"elementor-widget-container\">\n\t\t\t<h3 class=\"elementor-heading-title elementor-size-default\">ARTICLE 5 - COMMANDES<\/h3>\t\t<\/div>\n\t\t\t\t<\/div>\n\t\t\t\t<div class=\"elementor-element elementor-element-5050261 elementor-widget elementor-widget-text-editor\" data-id=\"5050261\" data-element_type=\"widget\" data-widget_type=\"text-editor.default\">\n\t\t\t\t<div class=\"elementor-widget-container\">\n\t\t\t\t\t\t\t<p>Il appartient au Client de s\u00e9lectionner sur le site\/Catalogue de <b>URCHOICESTORE <\/b>les Produits qu&#8217;il d\u00e9sire commander. Les offres de Produits sont valables tant qu&#8217;elles sont visibles sur le site, dans la limite des stocks disponibles. La vente ne sera consid\u00e9r\u00e9e comme valide qu&#8217;apr\u00e8s paiement int\u00e9gral du prix. Il appartient au client de v\u00e9rifier l&#8217;exactitude de la commande et de signaler imm\u00e9diatement toute erreur.<\/p><p>Toute commande pass\u00e9e sur le site <b>urchoicestore.ma<\/b> constitue la formation d&#8217;un contrat conclu \u00e0 distance entre le Client et le Vendeur.<\/p><p>Le Vendeur se r\u00e9serve le droit d&#8217;annuler ou de refuser toute commande d&#8217;un Client avec lequel il existerait un litige relatif au paiement d&#8217;une commande ant\u00e9rieure. Le Client pourra suivre l&#8217;\u00e9volution de sa commande sur le site.<\/p>\t\t\t\t\t\t<\/div>\n\t\t\t\t<\/div>\n\t\t\t\t\t<\/div>\n\t\t<\/div>\n\t\t\t\t\t\t\t<\/div>\n\t\t<\/section>\n\t\t\t\t<section class=\"elementor-section elementor-top-section elementor-element elementor-element-a1a1992 elementor-section-boxed elementor-section-height-default elementor-section-height-default\" data-id=\"a1a1992\" data-element_type=\"section\">\n\t\t\t\t\t\t<div class=\"elementor-container elementor-column-gap-default\">\n\t\t\t\t\t<div class=\"elementor-column elementor-col-100 elementor-top-column elementor-element elementor-element-1e9aaca\" data-id=\"1e9aaca\" data-element_type=\"column\">\n\t\t\t<div class=\"elementor-widget-wrap elementor-element-populated\">\n\t\t\t\t\t\t\t\t<div class=\"elementor-element elementor-element-475922a elementor-widget elementor-widget-heading\" data-id=\"475922a\" data-element_type=\"widget\" data-widget_type=\"heading.default\">\n\t\t\t\t<div class=\"elementor-widget-container\">\n\t\t\t<h2 class=\"elementor-heading-title elementor-size-default\">ARTICLE 6 - PAIEMENT<\/h2>\t\t<\/div>\n\t\t\t\t<\/div>\n\t\t\t\t<div class=\"elementor-element elementor-element-fe85857 elementor-widget__width-initial elementor-widget elementor-widget-text-editor\" data-id=\"fe85857\" data-element_type=\"widget\" data-widget_type=\"text-editor.default\">\n\t\t\t\t<div class=\"elementor-widget-container\">\n\t\t\t\t\t\t\t<h5><u><b>6.1. Paiement<\/b><\/u><\/h5><p>Les factures seront payables au plus tard \u00e0 la livraison ou enl\u00e8vement de la commande. Les Clients b\u00e9n\u00e9ficiant d&#8217;une ligne de cr\u00e9dit aupr\u00e8s de&nbsp;<b>URCHOICESTORE <\/b> auront droit au d\u00e9lai de paiement accord\u00e9 par cette derni\u00e8re. <b>URCHOICESTORE <\/b>se r\u00e9serve le droit de modifier ou de supprimer \u00e0 tout moment sans pr\u00e9avis la ligne de cr\u00e9dit et\/ou les d\u00e9lais et modalit\u00e9s de paiement accord\u00e9es au Client en cas de non respect des d\u00e9lais de r\u00e8glement. Ces conditions peuvent \u00eatre revues \u00e0 chaque commande en fonction des garanties de solvabilit\u00e9 pr\u00e9sent\u00e9es. Aucune r\u00e9clamation sur la qualit\u00e9 des livraisons n&#8217;est suspensive de celles-ci, si la preuve de la d\u00e9fectuosit\u00e9 des marchandises n&#8217;a pas \u00e9t\u00e9 apport\u00e9e et d\u00fbment constat\u00e9e et reconnue par <b>URCHOICESTORE <\/b>avant l&#8217;\u00e9ch\u00e9ance. En cas de litige sur une facture, la r\u00e9clamation doit se faire par \u00e9crit en recommand\u00e9e avec accus\u00e9 de r\u00e9ception, adress\u00e9 au Service Clients, dans les 2 jours \u00e0 compter de la r\u00e9ception des produits.<\/p>\n<h5><u><b>6.2 Retard de paiement<\/b><\/u><\/h5><p>Par application des dispositions de la loi n\u00b0 32-10 compl\u00e9tant la loi 10-95 formant le Code de Commerce et encadrant les d\u00e9lais de paiement, tout d\u00e9faut ou retard de paiement entra\u00eenera :<\/p>\n<ul>\n<li>L&#8217;exigibilit\u00e9 imm\u00e9diate de toutes les sommes dues, y compris les factures non \u00e9chues, quel que soit le mode de r\u00e8glement pr\u00e9vu ;<\/li>\n<li>Le paiement de p\u00e9nalit\u00e9s de retard au taux de 10% l&#8217;an du montant des factures \u00e9chues non pay\u00e9es. Ces int\u00e9r\u00eats de retard seront per\u00e7us sans mise en demeure pr\u00e9alable, d\u00e8s le 1er jour suivant la date de r\u00e8glement figurant sur la facture sans toutefois que ce montant puisse \u00eatre inf\u00e9rieur \u00e0 500 dirhams HT, nonobstant tous dommages \u00c8 int\u00e9r\u00eats auxquels pourrait pr\u00e9tendre <b>URCHOICESTORE <\/b>du fait du non-paiement en cause ;<\/li>\n<li>Le paiement des frais de gestion de recouvrement s&#8217;\u00e9levant \u00e0 un montant forfaitaire de 200 dirhams HT ;<\/li>\n<li>La suspension de toutes les livraisons en cours. Dans cette hypoth\u00e8se, le Client s&#8217;engage \u00e0 en supporter toutes les cons\u00e9quences, notamment les retards dans les d\u00e9lais ;<\/li>\n<li>La suppression de toute ligne de cr\u00e9dit et d\u00e9lai de paiement accord\u00e9s pr\u00e9alablement ;<\/li>\n<\/ul>\t\t\t\t\t\t<\/div>\n\t\t\t\t<\/div>\n\t\t\t\t\t<\/div>\n\t\t<\/div>\n\t\t\t\t\t\t\t<\/div>\n\t\t<\/section>\n\t\t\t\t<section class=\"elementor-section elementor-top-section elementor-element elementor-element-e349c98 elementor-section-boxed elementor-section-height-default elementor-section-height-default\" data-id=\"e349c98\" data-element_type=\"section\">\n\t\t\t\t\t\t<div class=\"elementor-container elementor-column-gap-default\">\n\t\t\t\t\t<div class=\"elementor-column elementor-col-100 elementor-top-column elementor-element elementor-element-3672e59\" data-id=\"3672e59\" data-element_type=\"column\">\n\t\t\t<div class=\"elementor-widget-wrap elementor-element-populated\">\n\t\t\t\t\t\t\t\t<div class=\"elementor-element elementor-element-a830965 elementor-widget elementor-widget-heading\" data-id=\"a830965\" data-element_type=\"widget\" data-widget_type=\"heading.default\">\n\t\t\t\t<div class=\"elementor-widget-container\">\n\t\t\t<h2 class=\"elementor-heading-title elementor-size-default\">Article 7 - Exon\u00e9ration de responsabilit\u00e9 \u00c8 Assurances<\/h2>\t\t<\/div>\n\t\t\t\t<\/div>\n\t\t\t\t<div class=\"elementor-element elementor-element-bd63c18 elementor-widget elementor-widget-text-editor\" data-id=\"bd63c18\" data-element_type=\"widget\" data-widget_type=\"text-editor.default\">\n\t\t\t\t<div class=\"elementor-widget-container\">\n\t\t\t\t\t\t\t<p><b>URCHOICESTORE <\/b> ne peut \u00eatre responsable : (1) de dommages directs et indirects et\/ou mat\u00e9riels et immat\u00e9riels, (2) de dommages li\u00e9s \u00e0 un retard de livraison, un manquant ou une avarie, (3) de dommages li\u00e9s \u00e0 une non-conformit\u00e9 aux besoins du Client, (4) ou de dommages dus \u00e0 une cause ind\u00e9pendante de la volont\u00e9 de<b> URCHOICESTORE<\/b>. Le Client s&#8217;engage \u00e0 souscrire toutes les assurances n\u00e9cessaires pour toutes les cons\u00e9quences dommageables des actes dont il pourrait \u00eatre tenu pour responsable au titre des pr\u00e9sentes ainsi qu&#8217;\u00e0 r\u00e9gler toutes primes y aff\u00e9rentes.<\/p>\t\t\t\t\t\t<\/div>\n\t\t\t\t<\/div>\n\t\t\t\t\t<\/div>\n\t\t<\/div>\n\t\t\t\t\t\t\t<\/div>\n\t\t<\/section>\n\t\t\t\t\t\t\t<\/div>\n\t\t","protected":false},"excerpt":{"rendered":"<p>Conditions G\u00e9n\u00e9rales de Vente(CGV) ARTICLE 1 &#8211; APPLICATION Les pr\u00e9sents conditions g\u00e9n\u00e9rales de vente(CGV) s&#8217;appliquent, sans restriction ni r\u00e9serve \u00e0 l&#8217;ensemble des ventes conclues par le vendeurs aupr\u00e8s d&#8217;acheteurs(les clients ou le client), d\u00e9sirant acqu\u00e9rir les produits propos\u00e9s \u00e0 la vente par le vendeur sur le site urchoicestore.ma. Les produits propos\u00e9s \u00e0 la vente sur<\/p>\n<div class=\"klb-readmore button\"><a class=\"btn link\" href=\"https:\/\/urchoicestore.ma\/index.php\/terms-and-conditions\/\">Read More <i class=\"klbth-icon-right-arrow\"><\/i><\/a><\/div>\n","protected":false},"author":1,"featured_media":0,"parent":0,"menu_order":0,"comment_status":"closed","ping_status":"closed","template":"","meta":{"footnotes":""},"jetpack_sharing_enabled":true,"_links":{"self":[{"href":"https:\/\/urchoicestore.ma\/index.php\/wp-json\/wp\/v2\/pages\/3558"}],"collection":[{"href":"https:\/\/urchoicestore.ma\/index.php\/wp-json\/wp\/v2\/pages"}],"about":[{"href":"https:\/\/urchoicestore.ma\/index.php\/wp-json\/wp\/v2\/types\/page"}],"author":[{"embeddable":true,"href":"https:\/\/urchoicestore.ma\/index.php\/wp-json\/wp\/v2\/users\/1"}],"replies":[{"embeddable":true,"href":"https:\/\/urchoicestore.ma\/index.php\/wp-json\/wp\/v2\/comments?post=3558"}],"version-history":[{"count":18,"href":"https:\/\/urchoicestore.ma\/index.php\/wp-json\/wp\/v2\/pages\/3558\/revisions"}],"predecessor-version":[{"id":4693,"href":"https:\/\/urchoicestore.ma\/index.php\/wp-json\/wp\/v2\/pages\/3558\/revisions\/4693"}],"wp:attachment":[{"href":"https:\/\/urchoicestore.ma\/index.php\/wp-json\/wp\/v2\/media?parent=3558"}],"curies":[{"name":"wp","href":"https:\/\/api.w.org\/{rel}","templated":true}]}}