{"id":2349,"date":"2022-10-18T08:51:34","date_gmt":"2022-10-18T08:51:34","guid":{"rendered":"https:\/\/klbtheme.com\/partdo\/?page_id=2349"},"modified":"2023-09-13T12:30:29","modified_gmt":"2023-09-13T11:30:29","slug":"about-us","status":"publish","type":"page","link":"https:\/\/urchoicestore.ma\/index.php\/about-us\/","title":{"rendered":"About Us"},"content":{"rendered":"\t\t<div data-elementor-type=\"wp-page\" data-elementor-id=\"2349\" class=\"elementor elementor-2349\">\n\t\t\t\t\t\t\t\t\t<section class=\"elementor-section elementor-top-section elementor-element elementor-element-be2ed4a elementor-section-full_width elementor-section-content-middle elementor-section-height-default elementor-section-height-default\" data-id=\"be2ed4a\" data-element_type=\"section\">\n\t\t\t\t\t\t<div class=\"elementor-container elementor-column-gap-no\">\n\t\t\t\t\t<div class=\"elementor-column elementor-col-100 elementor-top-column elementor-element elementor-element-fdb95ef\" data-id=\"fdb95ef\" data-element_type=\"column\">\n\t\t\t<div class=\"elementor-widget-wrap elementor-element-populated\">\n\t\t\t\t\t\t\t\t<div class=\"elementor-element elementor-element-af29231 elementor-widget elementor-widget-partdo-page-banner\" data-id=\"af29231\" data-element_type=\"widget\" data-widget_type=\"partdo-page-banner.default\">\n\t\t\t\t<div class=\"elementor-widget-container\">\n\t\t\t<div class=\"entry-page-header\"><div class=\"container\"><div class=\"page-header-content\"><h1 class=\"entry-title\">A propos de nous<\/h1><div class=\"entry-description\"> <p><\/p><\/div><\/div><\/div><div class=\"entry-image\"> <img decoding=\"async\" src=\"https:\/\/urchoicestore.ma\/wp-content\/uploads\/2023\/09\/aboutus-img01.jpg\"><\/div><\/div>\t\t<\/div>\n\t\t\t\t<\/div>\n\t\t\t\t\t<\/div>\n\t\t<\/div>\n\t\t\t\t\t\t\t<\/div>\n\t\t<\/section>\n\t\t\t\t<section class=\"elementor-section elementor-top-section elementor-element elementor-element-cad9ee8 elementor-section-boxed elementor-section-height-default elementor-section-height-default\" data-id=\"cad9ee8\" data-element_type=\"section\">\n\t\t\t\t\t\t<div class=\"elementor-container elementor-column-gap-default\">\n\t\t\t\t\t<div class=\"elementor-column elementor-col-100 elementor-top-column elementor-element elementor-element-945b050\" data-id=\"945b050\" data-element_type=\"column\">\n\t\t\t<div class=\"elementor-widget-wrap elementor-element-populated\">\n\t\t\t\t\t\t\t\t<div class=\"elementor-element elementor-element-8873fdf elementor-widget elementor-widget-heading\" data-id=\"8873fdf\" data-element_type=\"widget\" data-widget_type=\"heading.default\">\n\t\t\t\t<div class=\"elementor-widget-container\">\n\t\t\t<style>\/*! elementor - v3.17.0 - 08-11-2023 *\/\n.elementor-heading-title{padding:0;margin:0;line-height:1}.elementor-widget-heading .elementor-heading-title[class*=elementor-size-]>a{color:inherit;font-size:inherit;line-height:inherit}.elementor-widget-heading .elementor-heading-title.elementor-size-small{font-size:15px}.elementor-widget-heading .elementor-heading-title.elementor-size-medium{font-size:19px}.elementor-widget-heading .elementor-heading-title.elementor-size-large{font-size:29px}.elementor-widget-heading .elementor-heading-title.elementor-size-xl{font-size:39px}.elementor-widget-heading .elementor-heading-title.elementor-size-xxl{font-size:59px}<\/style><h2 class=\"elementor-heading-title elementor-size-default\">URCHOICESTORE<\/h2>\t\t<\/div>\n\t\t\t\t<\/div>\n\t\t\t\t\t<\/div>\n\t\t<\/div>\n\t\t\t\t\t\t\t<\/div>\n\t\t<\/section>\n\t\t\t\t<section class=\"elementor-section elementor-top-section elementor-element elementor-element-94c1a27 elementor-section-boxed elementor-section-height-default elementor-section-height-default\" data-id=\"94c1a27\" data-element_type=\"section\">\n\t\t\t\t\t\t<div class=\"elementor-container elementor-column-gap-default\">\n\t\t\t\t\t<div class=\"elementor-column elementor-col-100 elementor-top-column elementor-element elementor-element-41c8bc4\" data-id=\"41c8bc4\" data-element_type=\"column\">\n\t\t\t<div class=\"elementor-widget-wrap elementor-element-populated\">\n\t\t\t\t\t\t\t\t<div class=\"elementor-element elementor-element-b3dbe32 elementor-widget elementor-widget-text-editor\" data-id=\"b3dbe32\" data-element_type=\"widget\" data-widget_type=\"text-editor.default\">\n\t\t\t\t<div class=\"elementor-widget-container\">\n\t\t\t<style>\/*! elementor - v3.17.0 - 08-11-2023 *\/\n.elementor-widget-text-editor.elementor-drop-cap-view-stacked .elementor-drop-cap{background-color:#69727d;color:#fff}.elementor-widget-text-editor.elementor-drop-cap-view-framed .elementor-drop-cap{color:#69727d;border:3px solid;background-color:transparent}.elementor-widget-text-editor:not(.elementor-drop-cap-view-default) .elementor-drop-cap{margin-top:8px}.elementor-widget-text-editor:not(.elementor-drop-cap-view-default) .elementor-drop-cap-letter{width:1em;height:1em}.elementor-widget-text-editor .elementor-drop-cap{float:left;text-align:center;line-height:1;font-size:50px}.elementor-widget-text-editor .elementor-drop-cap-letter{display:inline-block}<\/style>\t\t\t\t<p align=\"justify\">Bienvenue chez <b>urChoiceStore<\/b>, votre destination pour les produits \u00e9lectroniques, informatiques et<span lang=\"fr\"><span><span> plus encore<\/span><\/span><\/span>. Nous somme d\u00e9vou\u00e9e \u00e0 vous fournir des produits du choix et de qualit\u00e9 \u00e0 des prix comp\u00e9titifs.<\/p>\n<p align=\"justify\">Nous avons une large gamme de produits allant des t\u00e9l\u00e9phones portables, aux ordinateurs portables et de bureau, ainsi que d\u2019autres accessoires \u00e9lectroniques r\u00e9pondant \u00e0 vos besoins. Notre objectif est de proposer des produits qui d\u00e9passent vos attentes.<\/p>\n<p align=\"justify\">Nous ne proposons pas seulement une vaste s\u00e9lection de produits, mais nous nous assurons \u00e9galement qu&#8217;ils sont tous de la plus haute qualit\u00e9. Nous comprenons l&#8217;importance d&#8217;avoir des produits \u00e9lectroniques fiables qui r\u00e9pondent \u00e0 vos besoins pendant longtemps.<\/p>\n<p align=\"justify\">Chez <b>urChoiceStore<\/b>, nous ne vendons pas seulement des produits, nous offrons \u00e9galement une exp\u00e9rience client exceptionnelle. Nous somme toujours disponible pour r\u00e9pondre \u00e0 vos questions et vous aider \u00e0 choisir le bon produit.<\/p>\n<p align=\"justify\">Nous vous remercions d&#8217;avoir choisi <b>urChoiceStore<\/b>. Nous avons h\u00e2te de vous servir et de vous fournir les meilleurs produits de votre choix.<\/p>\t\t\t\t\t\t<\/div>\n\t\t\t\t<\/div>\n\t\t\t\t\t<\/div>\n\t\t<\/div>\n\t\t\t\t\t\t\t<\/div>\n\t\t<\/section>\n\t\t\t\t<section class=\"elementor-section elementor-top-section elementor-element elementor-element-d6d9eb1 elementor-section-boxed elementor-section-height-default elementor-section-height-default\" data-id=\"d6d9eb1\" data-element_type=\"section\">\n\t\t\t\t\t\t<div class=\"elementor-container elementor-column-gap-extended\">\n\t\t\t\t\t<div class=\"elementor-column elementor-col-100 elementor-top-column elementor-element elementor-element-a614e8a\" data-id=\"a614e8a\" data-element_type=\"column\">\n\t\t\t<div class=\"elementor-widget-wrap elementor-element-populated\">\n\t\t\t\t\t\t\t\t<div class=\"elementor-element elementor-element-c8bd301 elementor-widget-divider--view-line elementor-widget elementor-widget-divider\" data-id=\"c8bd301\" data-element_type=\"widget\" data-widget_type=\"divider.default\">\n\t\t\t\t<div class=\"elementor-widget-container\">\n\t\t\t<style>\/*! elementor - v3.17.0 - 08-11-2023 *\/\n.elementor-widget-divider{--divider-border-style:none;--divider-border-width:1px;--divider-color:#0c0d0e;--divider-icon-size:20px;--divider-element-spacing:10px;--divider-pattern-height:24px;--divider-pattern-size:20px;--divider-pattern-url:none;--divider-pattern-repeat:repeat-x}.elementor-widget-divider .elementor-divider{display:flex}.elementor-widget-divider .elementor-divider__text{font-size:15px;line-height:1;max-width:95%}.elementor-widget-divider .elementor-divider__element{margin:0 var(--divider-element-spacing);flex-shrink:0}.elementor-widget-divider .elementor-icon{font-size:var(--divider-icon-size)}.elementor-widget-divider .elementor-divider-separator{display:flex;margin:0;direction:ltr}.elementor-widget-divider--view-line_icon .elementor-divider-separator,.elementor-widget-divider--view-line_text .elementor-divider-separator{align-items:center}.elementor-widget-divider--view-line_icon .elementor-divider-separator:after,.elementor-widget-divider--view-line_icon .elementor-divider-separator:before,.elementor-widget-divider--view-line_text .elementor-divider-separator:after,.elementor-widget-divider--view-line_text .elementor-divider-separator:before{display:block;content:\"\";border-bottom:0;flex-grow:1;border-top:var(--divider-border-width) var(--divider-border-style) var(--divider-color)}.elementor-widget-divider--element-align-left .elementor-divider .elementor-divider-separator>.elementor-divider__svg:first-of-type{flex-grow:0;flex-shrink:100}.elementor-widget-divider--element-align-left .elementor-divider-separator:before{content:none}.elementor-widget-divider--element-align-left .elementor-divider__element{margin-left:0}.elementor-widget-divider--element-align-right .elementor-divider .elementor-divider-separator>.elementor-divider__svg:last-of-type{flex-grow:0;flex-shrink:100}.elementor-widget-divider--element-align-right .elementor-divider-separator:after{content:none}.elementor-widget-divider--element-align-right .elementor-divider__element{margin-right:0}.elementor-widget-divider:not(.elementor-widget-divider--view-line_text):not(.elementor-widget-divider--view-line_icon) .elementor-divider-separator{border-top:var(--divider-border-width) var(--divider-border-style) var(--divider-color)}.elementor-widget-divider--separator-type-pattern{--divider-border-style:none}.elementor-widget-divider--separator-type-pattern.elementor-widget-divider--view-line .elementor-divider-separator,.elementor-widget-divider--separator-type-pattern:not(.elementor-widget-divider--view-line) .elementor-divider-separator:after,.elementor-widget-divider--separator-type-pattern:not(.elementor-widget-divider--view-line) .elementor-divider-separator:before,.elementor-widget-divider--separator-type-pattern:not([class*=elementor-widget-divider--view]) .elementor-divider-separator{width:100%;min-height:var(--divider-pattern-height);-webkit-mask-size:var(--divider-pattern-size) 100%;mask-size:var(--divider-pattern-size) 100%;-webkit-mask-repeat:var(--divider-pattern-repeat);mask-repeat:var(--divider-pattern-repeat);background-color:var(--divider-color);-webkit-mask-image:var(--divider-pattern-url);mask-image:var(--divider-pattern-url)}.elementor-widget-divider--no-spacing{--divider-pattern-size:auto}.elementor-widget-divider--bg-round{--divider-pattern-repeat:round}.rtl .elementor-widget-divider .elementor-divider__text{direction:rtl}.e-con-inner>.elementor-widget-divider,.e-con>.elementor-widget-divider{width:var(--container-widget-width,100%);--flex-grow:var(--container-widget-flex-grow)}<\/style>\t\t<div class=\"elementor-divider\">\n\t\t\t<span class=\"elementor-divider-separator\">\n\t\t\t\t\t\t<\/span>\n\t\t<\/div>\n\t\t\t\t<\/div>\n\t\t\t\t<\/div>\n\t\t\t\t\t<\/div>\n\t\t<\/div>\n\t\t\t\t\t\t\t<\/div>\n\t\t<\/section>\n\t\t\t\t\t\t\t<\/div>\n\t\t","protected":false},"excerpt":{"rendered":"<p>A propos de nous URCHOICESTORE Bienvenue chez urChoiceStore, votre destination pour les produits \u00e9lectroniques, informatiques et plus encore. Nous somme d\u00e9vou\u00e9e \u00e0 vous fournir des produits du choix et de qualit\u00e9 \u00e0 des prix comp\u00e9titifs. Nous avons une large gamme de produits allant des t\u00e9l\u00e9phones portables, aux ordinateurs portables et de bureau, ainsi que d\u2019autres<\/p>\n<div class=\"klb-readmore button\"><a class=\"btn link\" href=\"https:\/\/urchoicestore.ma\/index.php\/about-us\/\">Read More <i class=\"klbth-icon-right-arrow\"><\/i><\/a><\/div>\n","protected":false},"author":1,"featured_media":0,"parent":0,"menu_order":0,"comment_status":"closed","ping_status":"closed","template":"","meta":{"footnotes":""},"jetpack_sharing_enabled":true,"_links":{"self":[{"href":"https:\/\/urchoicestore.ma\/index.php\/wp-json\/wp\/v2\/pages\/2349"}],"collection":[{"href":"https:\/\/urchoicestore.ma\/index.php\/wp-json\/wp\/v2\/pages"}],"about":[{"href":"https:\/\/urchoicestore.ma\/index.php\/wp-json\/wp\/v2\/types\/page"}],"author":[{"embeddable":true,"href":"https:\/\/urchoicestore.ma\/index.php\/wp-json\/wp\/v2\/users\/1"}],"replies":[{"embeddable":true,"href":"https:\/\/urchoicestore.ma\/index.php\/wp-json\/wp\/v2\/comments?post=2349"}],"version-history":[{"count":40,"href":"https:\/\/urchoicestore.ma\/index.php\/wp-json\/wp\/v2\/pages\/2349\/revisions"}],"predecessor-version":[{"id":4665,"href":"https:\/\/urchoicestore.ma\/index.php\/wp-json\/wp\/v2\/pages\/2349\/revisions\/4665"}],"wp:attachment":[{"href":"https:\/\/urchoicestore.ma\/index.php\/wp-json\/wp\/v2\/media?parent=2349"}],"curies":[{"name":"wp","href":"https:\/\/api.w.org\/{rel}","templated":true}]}}